{"id":30892,"date":"2025-09-25T06:37:34","date_gmt":"2025-09-25T11:37:34","guid":{"rendered":"https:\/\/kresloprof.de\/en\/product\/ptfe-schlauchleitungen\/"},"modified":"2025-09-26T06:48:57","modified_gmt":"2025-09-26T11:48:57","slug":"ptfe-schlauchleitungen","status":"publish","type":"product","link":"https:\/\/kresloprof.de\/en\/product\/ptfe-schlauchleitungen\/","title":{"rendered":"PTFE Hoses"},"content":{"rendered":"<div class=\"elementor-element elementor-element-5701a03 elementor-widget elementor-widget-theme-post-content\" data-id=\"5701a03\" data-element_type=\"widget\" data-widget_type=\"theme-post-content.default\">\n<div class=\"elementor-widget-container\">\n<p>Adaptable line guides for process technology and media transport with reliable suitability for high and highest demands on flow materials of chemistry, medicine, pharmacy, clean room technology, the food industry and other demanding application areas. Individual connection and quick coupling connections for short term line change for rapid change of location as well as for additional business applications.<\/p>\n<\/div>\n<\/div>\n<section class=\"has_eae_slider elementor-section elementor-inner-section elementor-element elementor-element-9536db6 elementor-section-boxed elementor-section-height-default elementor-section-height-default\" data-particle_enable=\"false\" data-particle-mobile-disabled=\"false\" data-id=\"9536db6\" data-element_type=\"section\" data-settings=\"{&quot;_ha_eqh_enable&quot;:false}\">\n<div class=\"elementor-container elementor-column-gap-no\">\n<div class=\"has_eae_slider elementor-column elementor-col-50 elementor-inner-column elementor-element elementor-element-be55f6e\" data-id=\"be55f6e\" data-element_type=\"column\">\n<div class=\"elementor-widget-wrap elementor-element-populated\">\n<div class=\"elementor-element elementor-element-f715696 elementor-view-default elementor-widget elementor-widget-icon\" data-id=\"f715696\" data-element_type=\"widget\" data-widget_type=\"icon.default\">\n<div class=\"elementor-widget-container\">\n<div class=\"elementor-icon-wrapper\">\n<div class=\"elementor-icon\"><\/div>\n<\/div>\n<\/div>\n<\/div>\n<\/div>\n<\/div>\n<\/div>\n<\/section>\n","protected":false},"excerpt":{"rendered":"<div class=\"elementor-element elementor-element-0b181e2 elementor-widget elementor-widget-theme-post-content\" data-id=\"0b181e2\" data-element_type=\"widget\" data-widget_type=\"theme-post-content.default\">\n<div class=\"elementor-widget-container\">\n<p>PTFE Schlauchleitungen sind anpassungsf\u00e4hige Leitungsf\u00fchrungen f\u00fcr Prozesstechnik und Medientransport mit zuverl\u00e4ssiger Eignung f\u00fcr hohe und h\u00f6chste Anforderungen an Durchflussstoffen der Chemie, der Medizin, der Pharmazie, der Reinstraumtechnik, der Lebensmittelindustrie sowie weiterer anspruchsvoller Einsatzgebiete. Individuelle Anschluss- und Schnellkupplungsverbindungen f\u00fcr kurzzeitigen Leitungsumschluss, f\u00fcr rasche Ortswechsel sowie f\u00fcr zus\u00e4tzliche betriebliche Anwendungen sind hierbei m\u00f6glich. Ebenso die Hochdruck- , als auch die Vakuumausf\u00fchrung sind m\u00f6glich. Dichtheitspr\u00fcfungen im direkten Anschluss an die Konfiguration sowie eine leichte Innenreinigung aufgrund des niedrigen Reibungskoeffizienten<\/p>\n<\/div>\n<\/div>\n","protected":false},"featured_media":30891,"template":"","meta":{"inline_featured_image":false},"product_brand":[],"product_cat":[276],"product_tag":[],"class_list":{"0":"post-30892","1":"product","2":"type-product","3":"status-publish","4":"has-post-thumbnail","6":"product_cat-ptfe-ausgekleideten-produkten","8":"first","9":"instock","10":"shipping-taxable","11":"product-type-simple"},"yoast_head":"<!-- This site is optimized with the Yoast SEO plugin v25.5 - https:\/\/yoast.com\/wordpress\/plugins\/seo\/ -->\n<title>PTFE Hoses | Kresloprof GmbH<\/title>\n<meta name=\"robots\" content=\"index, follow, max-snippet:-1, max-image-preview:large, max-video-preview:-1\" \/>\n<link rel=\"canonical\" href=\"https:\/\/kresloprof.de\/en\/product\/ptfe-schlauchleitungen\/\" \/>\n<meta property=\"og:locale\" content=\"ru_RU\" \/>\n<meta property=\"og:type\" content=\"article\" \/>\n<meta property=\"og:title\" content=\"PTFE Hoses | Kresloprof GmbH\" \/>\n<meta property=\"og:description\" content=\"PTFE Schlauchleitungen sind anpassungsf\u00e4hige Leitungsf\u00fchrungen f\u00fcr Prozesstechnik und Medientransport mit zuverl\u00e4ssiger Eignung f\u00fcr hohe und h\u00f6chste Anforderungen an Durchflussstoffen der Chemie, der Medizin, der Pharmazie, der Reinstraumtechnik, der Lebensmittelindustrie sowie weiterer anspruchsvoller Einsatzgebiete. Individuelle Anschluss- und Schnellkupplungsverbindungen f\u00fcr kurzzeitigen Leitungsumschluss, f\u00fcr rasche Ortswechsel sowie f\u00fcr zus\u00e4tzliche betriebliche Anwendungen sind hierbei m\u00f6glich. Ebenso die Hochdruck- , als auch die Vakuumausf\u00fchrung sind m\u00f6glich. Dichtheitspr\u00fcfungen im direkten Anschluss an die Konfiguration sowie eine leichte Innenreinigung aufgrund des niedrigen Reibungskoeffizienten\" \/>\n<meta property=\"og:url\" content=\"https:\/\/kresloprof.de\/en\/product\/ptfe-schlauchleitungen\/\" \/>\n<meta property=\"og:site_name\" content=\"Kresloprof GmbH\" \/>\n<meta property=\"article:modified_time\" content=\"2025-09-26T11:48:57+00:00\" \/>\n<meta property=\"og:image\" content=\"https:\/\/kresloprof.de\/en\/wp-content\/uploads\/IMG_3065free-1.jpg\" \/>\n\t<meta property=\"og:image:width\" content=\"2448\" \/>\n\t<meta property=\"og:image:height\" content=\"2283\" \/>\n\t<meta property=\"og:image:type\" content=\"image\/jpeg\" \/>\n<meta name=\"twitter:card\" content=\"summary_large_image\" \/>\n<script type=\"application\/ld+json\" class=\"yoast-schema-graph\">{\"@context\":\"https:\/\/schema.org\",\"@graph\":[{\"@type\":\"WebPage\",\"@id\":\"https:\/\/kresloprof.de\/en\/product\/ptfe-schlauchleitungen\/\",\"url\":\"https:\/\/kresloprof.de\/en\/product\/ptfe-schlauchleitungen\/\",\"name\":\"PTFE Hoses | Kresloprof GmbH\",\"isPartOf\":{\"@id\":\"https:\/\/kresloprof.de\/en\/#website\"},\"primaryImageOfPage\":{\"@id\":\"https:\/\/kresloprof.de\/en\/product\/ptfe-schlauchleitungen\/#primaryimage\"},\"image\":{\"@id\":\"https:\/\/kresloprof.de\/en\/product\/ptfe-schlauchleitungen\/#primaryimage\"},\"thumbnailUrl\":\"https:\/\/kresloprof.de\/en\/wp-content\/uploads\/IMG_3065free-1.jpg\",\"datePublished\":\"2025-09-25T11:37:34+00:00\",\"dateModified\":\"2025-09-26T11:48:57+00:00\",\"breadcrumb\":{\"@id\":\"https:\/\/kresloprof.de\/en\/product\/ptfe-schlauchleitungen\/#breadcrumb\"},\"inLanguage\":\"ru-RU\",\"potentialAction\":[{\"@type\":\"ReadAction\",\"target\":[\"https:\/\/kresloprof.de\/en\/product\/ptfe-schlauchleitungen\/\"]}]},{\"@type\":\"ImageObject\",\"inLanguage\":\"ru-RU\",\"@id\":\"https:\/\/kresloprof.de\/en\/product\/ptfe-schlauchleitungen\/#primaryimage\",\"url\":\"https:\/\/kresloprof.de\/en\/wp-content\/uploads\/IMG_3065free-1.jpg\",\"contentUrl\":\"https:\/\/kresloprof.de\/en\/wp-content\/uploads\/IMG_3065free-1.jpg\",\"width\":2448,\"height\":2283},{\"@type\":\"BreadcrumbList\",\"@id\":\"https:\/\/kresloprof.de\/en\/product\/ptfe-schlauchleitungen\/#breadcrumb\",\"itemListElement\":[{\"@type\":\"ListItem\",\"position\":1,\"name\":\"\u0413\u043b\u0430\u0432\u043d\u0430\u044f \u0441\u0442\u0440\u0430\u043d\u0438\u0446\u0430\",\"item\":\"https:\/\/kresloprof.de\/en\/\"},{\"@type\":\"ListItem\",\"position\":2,\"name\":\"Catalog\",\"item\":\"https:\/\/kresloprof.de\/en\/catalog\/\"},{\"@type\":\"ListItem\",\"position\":3,\"name\":\"PTFE Hoses\"}]},{\"@type\":\"WebSite\",\"@id\":\"https:\/\/kresloprof.de\/en\/#website\",\"url\":\"https:\/\/kresloprof.de\/en\/\",\"name\":\"Kresloprof\",\"description\":\"Supply of equipment from leading European and global manufacturers, as well as components and service support for any branch of industrial production. Our main range of seats is from the leading German manufacturer Grammer, driver&#039;s and passenger seats for special equipment.\",\"publisher\":{\"@id\":\"https:\/\/kresloprof.de\/en\/#organization\"},\"alternateName\":\"Kresloprof GmbH\",\"potentialAction\":[{\"@type\":\"SearchAction\",\"target\":{\"@type\":\"EntryPoint\",\"urlTemplate\":\"https:\/\/kresloprof.de\/en\/?s={search_term_string}\"},\"query-input\":{\"@type\":\"PropertyValueSpecification\",\"valueRequired\":true,\"valueName\":\"search_term_string\"}}],\"inLanguage\":\"ru-RU\"},{\"@type\":\"Organization\",\"@id\":\"https:\/\/kresloprof.de\/en\/#organization\",\"name\":\"Kresloprof GmbH\",\"alternateName\":\"Kresloprof\",\"url\":\"https:\/\/kresloprof.de\/en\/\",\"logo\":{\"@type\":\"ImageObject\",\"inLanguage\":\"ru-RU\",\"@id\":\"https:\/\/kresloprof.de\/en\/#\/schema\/logo\/image\/\",\"url\":\"https:\/\/kresloprof.de\/en\/wp-content\/uploads\/logo.svg\",\"contentUrl\":\"https:\/\/kresloprof.de\/en\/wp-content\/uploads\/logo.svg\",\"width\":665,\"height\":665,\"caption\":\"Kresloprof GmbH\"},\"image\":{\"@id\":\"https:\/\/kresloprof.de\/en\/#\/schema\/logo\/image\/\"}}]}<\/script>\n<!-- \/ Yoast SEO plugin. -->","yoast_head_json":{"title":"PTFE Hoses | Kresloprof GmbH","robots":{"index":"index","follow":"follow","max-snippet":"max-snippet:-1","max-image-preview":"max-image-preview:large","max-video-preview":"max-video-preview:-1"},"canonical":"https:\/\/kresloprof.de\/en\/product\/ptfe-schlauchleitungen\/","og_locale":"ru_RU","og_type":"article","og_title":"PTFE Hoses | Kresloprof GmbH","og_description":"PTFE Schlauchleitungen sind anpassungsf\u00e4hige Leitungsf\u00fchrungen f\u00fcr Prozesstechnik und Medientransport mit zuverl\u00e4ssiger Eignung f\u00fcr hohe und h\u00f6chste Anforderungen an Durchflussstoffen der Chemie, der Medizin, der Pharmazie, der Reinstraumtechnik, der Lebensmittelindustrie sowie weiterer anspruchsvoller Einsatzgebiete. Individuelle Anschluss- und Schnellkupplungsverbindungen f\u00fcr kurzzeitigen Leitungsumschluss, f\u00fcr rasche Ortswechsel sowie f\u00fcr zus\u00e4tzliche betriebliche Anwendungen sind hierbei m\u00f6glich. Ebenso die Hochdruck- , als auch die Vakuumausf\u00fchrung sind m\u00f6glich. Dichtheitspr\u00fcfungen im direkten Anschluss an die Konfiguration sowie eine leichte Innenreinigung aufgrund des niedrigen Reibungskoeffizienten","og_url":"https:\/\/kresloprof.de\/en\/product\/ptfe-schlauchleitungen\/","og_site_name":"Kresloprof GmbH","article_modified_time":"2025-09-26T11:48:57+00:00","og_image":[{"width":2448,"height":2283,"url":"https:\/\/kresloprof.de\/en\/wp-content\/uploads\/IMG_3065free-1.jpg","type":"image\/jpeg"}],"twitter_card":"summary_large_image","schema":{"@context":"https:\/\/schema.org","@graph":[{"@type":"WebPage","@id":"https:\/\/kresloprof.de\/en\/product\/ptfe-schlauchleitungen\/","url":"https:\/\/kresloprof.de\/en\/product\/ptfe-schlauchleitungen\/","name":"PTFE Hoses | Kresloprof GmbH","isPartOf":{"@id":"https:\/\/kresloprof.de\/en\/#website"},"primaryImageOfPage":{"@id":"https:\/\/kresloprof.de\/en\/product\/ptfe-schlauchleitungen\/#primaryimage"},"image":{"@id":"https:\/\/kresloprof.de\/en\/product\/ptfe-schlauchleitungen\/#primaryimage"},"thumbnailUrl":"https:\/\/kresloprof.de\/en\/wp-content\/uploads\/IMG_3065free-1.jpg","datePublished":"2025-09-25T11:37:34+00:00","dateModified":"2025-09-26T11:48:57+00:00","breadcrumb":{"@id":"https:\/\/kresloprof.de\/en\/product\/ptfe-schlauchleitungen\/#breadcrumb"},"inLanguage":"ru-RU","potentialAction":[{"@type":"ReadAction","target":["https:\/\/kresloprof.de\/en\/product\/ptfe-schlauchleitungen\/"]}]},{"@type":"ImageObject","inLanguage":"ru-RU","@id":"https:\/\/kresloprof.de\/en\/product\/ptfe-schlauchleitungen\/#primaryimage","url":"https:\/\/kresloprof.de\/en\/wp-content\/uploads\/IMG_3065free-1.jpg","contentUrl":"https:\/\/kresloprof.de\/en\/wp-content\/uploads\/IMG_3065free-1.jpg","width":2448,"height":2283},{"@type":"BreadcrumbList","@id":"https:\/\/kresloprof.de\/en\/product\/ptfe-schlauchleitungen\/#breadcrumb","itemListElement":[{"@type":"ListItem","position":1,"name":"\u0413\u043b\u0430\u0432\u043d\u0430\u044f \u0441\u0442\u0440\u0430\u043d\u0438\u0446\u0430","item":"https:\/\/kresloprof.de\/en\/"},{"@type":"ListItem","position":2,"name":"Catalog","item":"https:\/\/kresloprof.de\/en\/catalog\/"},{"@type":"ListItem","position":3,"name":"PTFE Hoses"}]},{"@type":"WebSite","@id":"https:\/\/kresloprof.de\/en\/#website","url":"https:\/\/kresloprof.de\/en\/","name":"Kresloprof","description":"Supply of equipment from leading European and global manufacturers, as well as components and service support for any branch of industrial production. Our main range of seats is from the leading German manufacturer Grammer, driver&#039;s and passenger seats for special equipment.","publisher":{"@id":"https:\/\/kresloprof.de\/en\/#organization"},"alternateName":"Kresloprof GmbH","potentialAction":[{"@type":"SearchAction","target":{"@type":"EntryPoint","urlTemplate":"https:\/\/kresloprof.de\/en\/?s={search_term_string}"},"query-input":{"@type":"PropertyValueSpecification","valueRequired":true,"valueName":"search_term_string"}}],"inLanguage":"ru-RU"},{"@type":"Organization","@id":"https:\/\/kresloprof.de\/en\/#organization","name":"Kresloprof GmbH","alternateName":"Kresloprof","url":"https:\/\/kresloprof.de\/en\/","logo":{"@type":"ImageObject","inLanguage":"ru-RU","@id":"https:\/\/kresloprof.de\/en\/#\/schema\/logo\/image\/","url":"https:\/\/kresloprof.de\/en\/wp-content\/uploads\/logo.svg","contentUrl":"https:\/\/kresloprof.de\/en\/wp-content\/uploads\/logo.svg","width":665,"height":665,"caption":"Kresloprof GmbH"},"image":{"@id":"https:\/\/kresloprof.de\/en\/#\/schema\/logo\/image\/"}}]}},"_links":{"self":[{"href":"https:\/\/kresloprof.de\/en\/wp-json\/wp\/v2\/product\/30892","targetHints":{"allow":["GET"]}}],"collection":[{"href":"https:\/\/kresloprof.de\/en\/wp-json\/wp\/v2\/product"}],"about":[{"href":"https:\/\/kresloprof.de\/en\/wp-json\/wp\/v2\/types\/product"}],"wp:featuredmedia":[{"embeddable":true,"href":"https:\/\/kresloprof.de\/en\/wp-json\/wp\/v2\/media\/30891"}],"wp:attachment":[{"href":"https:\/\/kresloprof.de\/en\/wp-json\/wp\/v2\/media?parent=30892"}],"wp:term":[{"taxonomy":"product_brand","embeddable":true,"href":"https:\/\/kresloprof.de\/en\/wp-json\/wp\/v2\/product_brand?post=30892"},{"taxonomy":"product_cat","embeddable":true,"href":"https:\/\/kresloprof.de\/en\/wp-json\/wp\/v2\/product_cat?post=30892"},{"taxonomy":"product_tag","embeddable":true,"href":"https:\/\/kresloprof.de\/en\/wp-json\/wp\/v2\/product_tag?post=30892"}],"curies":[{"name":"wp","href":"https:\/\/api.w.org\/{rel}","templated":true}]}}